{"id":1103,"date":"2017-06-11T13:27:26","date_gmt":"2017-06-11T12:27:26","guid":{"rendered":"http:\/\/www.alterre-circuit.org\/site\/?page_id=1103"},"modified":"2018-02-05T00:24:53","modified_gmt":"2018-02-04T23:24:53","slug":"nos-activites","status":"publish","type":"page","link":"https:\/\/www.alterre-circuit.org\/site\/lassociation\/nos-activites\/","title":{"rendered":"Nos activit\u00e9s"},"content":{"rendered":"<p>Nous r\u00e9alisons r\u00e9guli\u00e8rement des \u00e9v\u00e8nements et participons \u00e0 des manifestations locales pour promouvoir l&rsquo;agriculture paysanne.<\/p>\n<p>&nbsp;<\/p>\n<p><strong>Manifestations locales :<\/strong><\/p>\n<ul>\n<li><a href=\"http:\/\/www.alterre-circuit.org\/site\/2017\/02\/10\/photos-de-la-soiree-tango\/\">Soir\u00e9e Tango<\/a><\/li>\n<li><a href=\"http:\/\/www.alterre-circuit.org\/site\/2017\/09\/03\/fete-de-la-nature-2017-a-beaurains\/\">F\u00eate de la Nature<\/a>\u00a0 2017, Beaurains<\/li>\n<li><strong>La ferme \u00e0 la ville : <\/strong>dimanche 10 septembre, Ste Catherine<\/li>\n<li><a href=\"http:\/\/www.alterre-circuit.org\/site\/2017\/09\/24\/fete-de-lagriculture-paysanne-2017\/\">F<\/a><a href=\"http:\/\/www.alterre-circuit.org\/site\/2017\/09\/24\/fete-de-lagriculture-paysanne-2017\/\">\u00eate de l&rsquo;agriculture paysanne 2017<\/a><strong> :<\/strong> dimanche 24 septembre, Loos en Gohelle<\/li>\n<\/ul>\n<p><strong>Visites \u00e0 la ferme :<\/strong><\/p>\n<ul>\n<li><a href=\"http:\/\/www.alterre-circuit.org\/site\/2016\/09\/03\/visite-de-la-ferme-de-thierry-huret\/\">La ferme de Thierry Huret<\/a><\/li>\n<li><a href=\"http:\/\/www.alterre-circuit.org\/site\/2016\/09\/11\/11-septembre-2016-visite-de-la-ferme-de-michel-et-thibaut\/\">La ferme de Michel et Thibaut<\/a><\/li>\n<li>La miellerie d&rsquo;Alexandre Cousin, Arras (24 juin)<\/li>\n<li><a href=\"http:\/\/www.alterre-circuit.org\/site\/2017\/07\/30\/visite-de-la-ferme-coing-de-nature\/\">La ferme Fatous<\/a>, Dainville<\/li>\n<li><a href=\"http:\/\/www.alterre-circuit.org\/site\/2017\/06\/17\/1152\/\">Atelier Cueillette nomade<\/a>, Brunembert<\/li>\n<\/ul>\n<p><strong>Activit\u00e9s associatives :<\/strong><\/p>\n<ul>\n<li style=\"text-align: left;\"><a href=\"http:\/\/www.alterre-circuit.org\/site\/2017\/02\/10\/atelier-de-fabrication-de-sacs-a-pain-et-de-cocottes-norvegiennes\/\">L&rsquo;atelier de fabrication de sacs \u00e0 pain et de cocottes norv\u00e9giennes<\/a><\/li>\n<\/ul>\n","protected":false},"excerpt":{"rendered":"<p>Nous r\u00e9alisons r\u00e9guli\u00e8rement des \u00e9v\u00e8nements et participons \u00e0 des manifestations locales pour promouvoir l&rsquo;agriculture paysanne. &nbsp; Manifestations locales : Soir\u00e9e Tango F\u00eate de la Nature\u00a0 2017, Beaurains La ferme \u00e0 la ville : dimanche 10 septembre, Ste Catherine F\u00eate de l&rsquo;agriculture paysanne 2017 : dimanche 24 septembre, Loos en Gohelle Visites \u00e0 la ferme :&hellip; <a class=\"read-more\" href=\"https:\/\/www.alterre-circuit.org\/site\/lassociation\/nos-activites\/\">Read More<\/a><\/p>\n","protected":false},"author":3,"featured_media":0,"parent":15,"menu_order":0,"comment_status":"closed","ping_status":"closed","template":"","meta":{"footnotes":""},"class_list":["post-1103","page","type-page","status-publish","hentry"],"_links":{"self":[{"href":"https:\/\/www.alterre-circuit.org\/site\/wp-json\/wp\/v2\/pages\/1103","targetHints":{"allow":["GET"]}}],"collection":[{"href":"https:\/\/www.alterre-circuit.org\/site\/wp-json\/wp\/v2\/pages"}],"about":[{"href":"https:\/\/www.alterre-circuit.org\/site\/wp-json\/wp\/v2\/types\/page"}],"author":[{"embeddable":true,"href":"https:\/\/www.alterre-circuit.org\/site\/wp-json\/wp\/v2\/users\/3"}],"replies":[{"embeddable":true,"href":"https:\/\/www.alterre-circuit.org\/site\/wp-json\/wp\/v2\/comments?post=1103"}],"version-history":[{"count":16,"href":"https:\/\/www.alterre-circuit.org\/site\/wp-json\/wp\/v2\/pages\/1103\/revisions"}],"predecessor-version":[{"id":1161,"href":"https:\/\/www.alterre-circuit.org\/site\/wp-json\/wp\/v2\/pages\/1103\/revisions\/1161"}],"up":[{"embeddable":true,"href":"https:\/\/www.alterre-circuit.org\/site\/wp-json\/wp\/v2\/pages\/15"}],"wp:attachment":[{"href":"https:\/\/www.alterre-circuit.org\/site\/wp-json\/wp\/v2\/media?parent=1103"}],"curies":[{"name":"wp","href":"https:\/\/api.w.org\/{rel}","templated":true}]}}