{"id":122,"date":"2016-03-30T18:02:29","date_gmt":"2016-03-30T17:02:29","guid":{"rendered":"http:\/\/www.alterre-circuit.org\/site\/?page_id=122"},"modified":"2016-09-26T21:54:41","modified_gmt":"2016-09-26T20:54:41","slug":"test1","status":"publish","type":"page","link":"https:\/\/www.alterre-circuit.org\/site\/lassociation\/test1\/","title":{"rendered":"Pr\u00e9sentation"},"content":{"rendered":"<div class=\"colonne_gauche\">\n<p class=\"western\" style=\"text-align: center;\"><a href=\"http:\/\/www.alterre-circuit.org\/site\/lassociation\/page2-2\/\">3 valeurs fondamentales<\/a> animent<br \/>\nAl&rsquo;terre circuit :<\/p>\n<div class=\"citoyennete\">\n<p><strong>Citoyennet\u00e9 : \u00eatre acteur<\/strong><br \/>\n&#8211; Autonomie<br \/>\n&#8211; Transparence<br \/>\n&#8211; Volont\u00e9 de s&rsquo;informer et informer<\/p>\n<\/div>\n<div class=\"justice_sociale\">\n<p><strong>Justice sociale<\/strong><br \/>\n&#8211; R\u00e9mun\u00e9rer le travail \u00e0 son juste co\u00fbt<br \/>\n&#8211; Permettre \u00e0 des paysans de vivre de leur m\u00e9tier en restant sur des exploitations \u00e0 taille humaine<br \/>\n&#8211; Accessibilit\u00e9 quel que soit le revenu<\/p>\n<\/div>\n<div class=\"ecologie\">\n<p><strong>\u00c9cologie<\/strong><br \/>\n&#8211; Soutenir une agriculture respectueuse de l&rsquo;environnement<br \/>\n&#8211; Consommer au rythme des saisons<br \/>\n&#8211; Limiter les transports et les d\u00e9chets par des \u00e9changes de proximit\u00e9<\/p>\n<\/div>\n<\/div>\n<div class=\"colonne_droite\">\n<p class=\"western\" style=\"text-align: center;\"><strong>Pr\u00e9sentation d&rsquo;Al&rsquo;terre circuit<\/strong><\/p>\n<div class=\"l_association\">\n<p class=\"western\" style=\"text-align: justify;\">Al&rsquo;terre circuit est une association loi 1901 ayant pour objet de <strong><i>\u00ab\u00a0promouvoir une consommation responsable en participant \u00e0 un d\u00e9veloppement agricole durable\u00a0\u00bb<\/i><\/strong>.<\/p>\n<p class=\"western\" style=\"text-align: justify;\">Les adh\u00e9rents : des producteurs et des consommateurs.<\/p>\n<p class=\"western\" style=\"text-align: justify;\"><i>Par son mode d&rsquo;organisation associative original, elle permet de devenir acteur et de cr\u00e9er collectivement de nouvelles relations \u00e9conomiques et sociales.<\/i><\/p>\n<p><img loading=\"lazy\" decoding=\"async\" class=\"size-medium wp-image-852 aligncenter\" src=\"http:\/\/www.alterre-circuit.org\/site\/wp-content\/uploads\/2016\/09\/DSC_0487-300x199.jpg\" alt=\"dsc_0487\" width=\"300\" height=\"199\" srcset=\"https:\/\/www.alterre-circuit.org\/site\/wp-content\/uploads\/2016\/09\/DSC_0487-300x199.jpg 300w, https:\/\/www.alterre-circuit.org\/site\/wp-content\/uploads\/2016\/09\/DSC_0487-768x510.jpg 768w, https:\/\/www.alterre-circuit.org\/site\/wp-content\/uploads\/2016\/09\/DSC_0487-1024x680.jpg 1024w\" sizes=\"auto, (max-width: 300px) 100vw, 300px\" \/><\/p>\n<hr \/>\n<p class=\"western\" style=\"text-align: justify;\"><strong>Missions<\/strong><\/p>\n<ul>\n<li class=\"western\" style=\"text-align: justify;\"><em>Informer et sensibiliser<\/em><\/li>\n<\/ul>\n<p class=\"western\" style=\"text-align: justify;\">Al&rsquo;terre circuit participe activement \u00e0 l&rsquo;information citoyenne et \u00e0 la r\u00e9flexion collective autour de l&rsquo;agriculture et de la consommation. Elle d\u00e9fend les valeurs de l<em>&lsquo;<strong><a href=\"http:\/\/www.alterre-circuit.org\/site\/lassociation\/charte-de-lagriculture-paysanne\/\">Agriculture paysanne<\/a><\/strong>\u00a0 <\/em>et propose une alternative concr\u00e8te \u00e0 la grande distribution.<\/p>\n<ul>\n<li><em>Proposer un circuit court de distribution<\/em><\/li>\n<\/ul>\n<p class=\"western\" style=\"text-align: justify;\">Al&rsquo;terre circuit assure un <em><strong><a href=\"http:\/\/paulmasson.atimbli.net\/spip.php?article652\" target=\"_blank\">circuit de distribution directe<\/a><\/strong><\/em> entre producteurs locaux et consommateurs. Par le circuit court, elle rend aux habitants du territoire leur souverainet\u00e9 alimentaire.<\/p>\n<p class=\"western\" style=\"text-align: justify;\"><a href=\"http:\/\/paulmasson.atimbli.net\/IMG\/pdf\/altc-depliant_presentation.pdf\">D\u00e9pliant Al\u2019terre circuit<\/a><\/p>\n<\/div>\n<p>&nbsp;<\/p>\n<\/div>\n","protected":false},"excerpt":{"rendered":"<p>3 valeurs fondamentales animent Al&rsquo;terre circuit : Citoyennet\u00e9 : \u00eatre acteur &#8211; Autonomie &#8211; Transparence &#8211; Volont\u00e9 de s&rsquo;informer et informer Justice sociale &#8211; R\u00e9mun\u00e9rer le travail \u00e0 son juste co\u00fbt &#8211; Permettre \u00e0 des paysans de vivre de leur m\u00e9tier en restant sur des exploitations \u00e0 taille humaine &#8211; Accessibilit\u00e9 quel que soit le&hellip; <a class=\"read-more\" href=\"https:\/\/www.alterre-circuit.org\/site\/lassociation\/test1\/\">Read More<\/a><\/p>\n","protected":false},"author":3,"featured_media":0,"parent":15,"menu_order":1,"comment_status":"closed","ping_status":"closed","template":"page-nosidebar.php","meta":{"footnotes":""},"class_list":["post-122","page","type-page","status-publish","hentry"],"_links":{"self":[{"href":"https:\/\/www.alterre-circuit.org\/site\/wp-json\/wp\/v2\/pages\/122","targetHints":{"allow":["GET"]}}],"collection":[{"href":"https:\/\/www.alterre-circuit.org\/site\/wp-json\/wp\/v2\/pages"}],"about":[{"href":"https:\/\/www.alterre-circuit.org\/site\/wp-json\/wp\/v2\/types\/page"}],"author":[{"embeddable":true,"href":"https:\/\/www.alterre-circuit.org\/site\/wp-json\/wp\/v2\/users\/3"}],"replies":[{"embeddable":true,"href":"https:\/\/www.alterre-circuit.org\/site\/wp-json\/wp\/v2\/comments?post=122"}],"version-history":[{"count":78,"href":"https:\/\/www.alterre-circuit.org\/site\/wp-json\/wp\/v2\/pages\/122\/revisions"}],"predecessor-version":[{"id":952,"href":"https:\/\/www.alterre-circuit.org\/site\/wp-json\/wp\/v2\/pages\/122\/revisions\/952"}],"up":[{"embeddable":true,"href":"https:\/\/www.alterre-circuit.org\/site\/wp-json\/wp\/v2\/pages\/15"}],"wp:attachment":[{"href":"https:\/\/www.alterre-circuit.org\/site\/wp-json\/wp\/v2\/media?parent=122"}],"curies":[{"name":"wp","href":"https:\/\/api.w.org\/{rel}","templated":true}]}}