{"id":146,"date":"2016-03-30T18:33:48","date_gmt":"2016-03-30T17:33:48","guid":{"rendered":"http:\/\/www.alterre-circuit.org\/site\/?page_id=146"},"modified":"2016-09-26T22:04:58","modified_gmt":"2016-09-26T21:04:58","slug":"historique","status":"publish","type":"page","link":"https:\/\/www.alterre-circuit.org\/site\/lassociation\/historique\/","title":{"rendered":"Historique"},"content":{"rendered":"<div class=\"colonne_gauche\">\n<div class=\"lieu_distribution\">\n<p class=\"western\"><i><b>Des constats :<\/b><\/i><\/p>\n<p class=\"western\" style=\"padding-left: 30px;\"><u>L&rsquo;agriculture intensive et industrielle<\/u> :<\/p>\n<p class=\"western\" style=\"text-align: justify;\">&#8211; provoque la disparition de nombreux paysans,<\/p>\n<p class=\"western\" style=\"text-align: justify;\">&#8211; a des cons\u00e9quences \u00e9cologiques inacceptables (pollution des sols, mort des paysages, appauvrissement de la biodiversit\u00e9, etc).<\/p>\n<p class=\"western\" style=\"padding-left: 30px;\"><u>La commercialisation par la grande distribution<\/u> :<\/p>\n<p class=\"western\" style=\"text-align: justify;\">&#8211; est in\u00e9quitable : la valeur produite est accapar\u00e9e par les multinationales,<\/p>\n<p class=\"western\" style=\"text-align: justify;\">&#8211; ne r\u00e9mun\u00e8re pas le producteur (d\u00e9pendant des interm\u00e9diaires, des march\u00e9s financiers, du co\u00fbt des mati\u00e8res premi\u00e8res, des aides publiques, etc).<\/p>\n<p>&nbsp;<\/p>\n<p class=\"western\">Ces deux mod\u00e8les :<\/p>\n<p class=\"western\" style=\"padding-left: 30px; text-align: justify;\">&#8211; contribuent \u00e0 d\u00e9truire l&#8217;emploi et l&rsquo;environnement,<\/p>\n<p class=\"western\" style=\"padding-left: 30px; text-align: justify;\">&#8211; favorisent la d\u00e9localisation des \u00e9changes \u00e9conomiques.<\/p>\n<\/div>\n<\/div>\n<div class=\"colonne_droite\">\n<p class=\"western\" style=\"text-align: center;\"><strong>Historique<\/strong><\/p>\n<div class=\"texte_de_bienvenue\">\n<p class=\"western\" style=\"text-align: justify;\">Al&rsquo;terre circuit est n\u00e9e de la rencontre entre des consommateurs, des militants syndicaux ou associatifs, des citoyens et des producteurs militants qui se sont c\u00f4toy\u00e9s \u00e0 l&rsquo;occasion de diff\u00e9rents mouvements sociaux.<\/p>\n<p class=\"western\" style=\"text-align: justify;\">En 2006 \u00e0 Arras, ces personnes ont men\u00e9 une r\u00e9flexion commune de longue haleine (\u00e0 raison d&rsquo;une rencontre mensuelle pendant 2 ans), sur les habitudes de consommation, et notamment la provenance des aliments que chacun met dans son assiette.<\/p>\n<p><img loading=\"lazy\" decoding=\"async\" class=\"size-medium wp-image-850 aligncenter\" src=\"http:\/\/www.alterre-circuit.org\/site\/wp-content\/uploads\/2016\/09\/DSC_0474-300x199.jpg\" alt=\"dsc_0474\" width=\"300\" height=\"199\" srcset=\"https:\/\/www.alterre-circuit.org\/site\/wp-content\/uploads\/2016\/09\/DSC_0474-300x199.jpg 300w, https:\/\/www.alterre-circuit.org\/site\/wp-content\/uploads\/2016\/09\/DSC_0474-768x510.jpg 768w, https:\/\/www.alterre-circuit.org\/site\/wp-content\/uploads\/2016\/09\/DSC_0474-1024x680.jpg 1024w\" sizes=\"auto, (max-width: 300px) 100vw, 300px\" \/><\/p>\n<hr \/>\n<p class=\"western\"><u><i>Des objectifs sous forme de questions\u00a0:<\/i><\/u><\/p>\n<p class=\"western\" style=\"text-align: justify;\"><img loading=\"lazy\" decoding=\"async\" class=\"puce\" src=\"http:\/\/paulmasson.atimbli.net\/squelettes-dist\/puce.gif\" alt=\"-\" width=\"8\" height=\"11\" \/>Comment r\u00e9mun\u00e9rer \u00e0 sa juste valeur le travail de paysans respectueux de la qualit\u00e9 des produits et de l&rsquo;environnement sans exclure du circuit les consommateurs aux revenus modestes\u00a0?<\/p>\n<p class=\"western\" style=\"text-align: justify;\"><img loading=\"lazy\" decoding=\"async\" class=\"puce\" src=\"http:\/\/paulmasson.atimbli.net\/squelettes-dist\/puce.gif\" alt=\"-\" width=\"8\" height=\"11\" \/> Comment construire un projet r\u00e9ellement collectif qui d\u00e9passe l&rsquo;acte individuel de \u00ab\u00a0vendre\u00a0\u00bb ou d&rsquo;\u00a0\u00ab\u00a0acheter\u00a0\u00bb\u00a0?<\/p>\n<p class=\"western\" style=\"text-align: justify;\"><img loading=\"lazy\" decoding=\"async\" class=\"puce\" src=\"http:\/\/paulmasson.atimbli.net\/squelettes-dist\/puce.gif\" alt=\"-\" width=\"8\" height=\"11\" \/> Comment devenir acteur et r\u00e9ussir \u00e0 peser pour cr\u00e9er de nouvelles relations \u00e9conomiques et sociales en mesure de satisfaire les besoins humains plut\u00f4t que le profit d&rsquo;une minorit\u00e9\u00a0?<\/p>\n<p class=\"western\" style=\"text-align: justify;\"><img loading=\"lazy\" decoding=\"async\" class=\"puce\" src=\"http:\/\/paulmasson.atimbli.net\/squelettes-dist\/puce.gif\" alt=\"-\" width=\"8\" height=\"11\" \/> Comment se r\u00e9approprier la distribution et ma\u00eetriser ses choix alimentaires\u00a0?<\/p>\n<hr \/>\n<p class=\"western\" style=\"text-align: justify;\">Sur la base de ces constats et questions, ce groupe de personnes a exp\u00e9riment\u00e9 un circuit court, qui a fonctionn\u00e9 de fait pendant un an, avant que les membres ne cr\u00e9ent officiellement un cadre associatif en d\u00e9posant \u00e0 la pr\u00e9fecture <a href=\"http:\/\/paulmasson.atimbli.net\/spip.php?article375\" target=\"_blank\">des statuts<\/a> et <a href=\"http:\/\/paulmasson.atimbli.net\/spip.php?article165\" target=\"_blank\">une Charte<\/a>, faisant na\u00eetre ainsi l&rsquo;association Al&rsquo;terre circuit.<\/p>\n<p class=\"western\" style=\"text-align: justify;\">Depuis, Al&rsquo;terre circuit s&rsquo;est enrichie de nouveaux membres, producteurs et consommateurs, des anciens ont quitt\u00e9 le circuit&#8230; Tout en essayant de maintenir et transmettre cette haute exigence des objectifs initiaux, le fonctionnement \u00e9volue, la r\u00e9flexion se poursuit, afin de s&rsquo;adapter aux nouveaux enjeux qui se posent, pour permettre la p\u00e9rennisation de cette formidable initiative.<\/p>\n<\/div>\n<p>&nbsp;<\/p>\n<p><em>Pour aller plus loin :<\/em><\/p>\n<ul>\n<li><a href=\"http:\/\/paulmasson.atimbli.net\/spip.php?article164\" target=\"_blank\">\u00ab\u00a0R\u00e9sister, c&rsquo;est cr\u00e9er&#8230;\u00a0\u00bb<\/a><\/li>\n<li><a href=\"http:\/\/paulmasson.atimbli.net\/spip.php?article169\" target=\"_blank\">Pr\u00e9histoire du groupe \u00ab\u00a0Consom&rsquo;acteurs\u00a0\u00bb<\/a><\/li>\n<\/ul>\n<\/div>\n","protected":false},"excerpt":{"rendered":"<p>Des constats : L&rsquo;agriculture intensive et industrielle : &#8211; provoque la disparition de nombreux paysans, &#8211; a des cons\u00e9quences \u00e9cologiques inacceptables (pollution des sols, mort des paysages, appauvrissement de la biodiversit\u00e9, etc). La commercialisation par la grande distribution : &#8211; est in\u00e9quitable : la valeur produite est accapar\u00e9e par les multinationales, &#8211; ne r\u00e9mun\u00e8re pas&hellip; <a class=\"read-more\" href=\"https:\/\/www.alterre-circuit.org\/site\/lassociation\/historique\/\">Read More<\/a><\/p>\n","protected":false},"author":3,"featured_media":0,"parent":15,"menu_order":0,"comment_status":"closed","ping_status":"closed","template":"page-nosidebar.php","meta":{"footnotes":""},"class_list":["post-146","page","type-page","status-publish","hentry"],"_links":{"self":[{"href":"https:\/\/www.alterre-circuit.org\/site\/wp-json\/wp\/v2\/pages\/146","targetHints":{"allow":["GET"]}}],"collection":[{"href":"https:\/\/www.alterre-circuit.org\/site\/wp-json\/wp\/v2\/pages"}],"about":[{"href":"https:\/\/www.alterre-circuit.org\/site\/wp-json\/wp\/v2\/types\/page"}],"author":[{"embeddable":true,"href":"https:\/\/www.alterre-circuit.org\/site\/wp-json\/wp\/v2\/users\/3"}],"replies":[{"embeddable":true,"href":"https:\/\/www.alterre-circuit.org\/site\/wp-json\/wp\/v2\/comments?post=146"}],"version-history":[{"count":78,"href":"https:\/\/www.alterre-circuit.org\/site\/wp-json\/wp\/v2\/pages\/146\/revisions"}],"predecessor-version":[{"id":958,"href":"https:\/\/www.alterre-circuit.org\/site\/wp-json\/wp\/v2\/pages\/146\/revisions\/958"}],"up":[{"embeddable":true,"href":"https:\/\/www.alterre-circuit.org\/site\/wp-json\/wp\/v2\/pages\/15"}],"wp:attachment":[{"href":"https:\/\/www.alterre-circuit.org\/site\/wp-json\/wp\/v2\/media?parent=146"}],"curies":[{"name":"wp","href":"https:\/\/api.w.org\/{rel}","templated":true}]}}