{"id":181,"date":"2016-03-30T18:48:28","date_gmt":"2016-03-30T17:48:28","guid":{"rendered":"http:\/\/www.alterre-circuit.org\/site\/?page_id=181"},"modified":"2016-09-19T00:38:57","modified_gmt":"2016-09-18T23:38:57","slug":"lengagement-des-consommateurs","status":"publish","type":"page","link":"https:\/\/www.alterre-circuit.org\/site\/les-consommateurs\/lengagement-des-consommateurs\/","title":{"rendered":"L&rsquo;engagement des consomm&rsquo;acteurs"},"content":{"rendered":"<div class=\"colonne_gauche\">\n&nbsp;<br \/>\n&nbsp;<br \/>\n<img loading=\"lazy\" decoding=\"async\" class=\"alignnone wp-image-875 aligncenter\" src=\"http:\/\/www.alterre-circuit.org\/site\/wp-content\/uploads\/2016\/09\/DSC_0490-199x300.jpg\" alt=\"dsc_0490\" width=\"227\" height=\"342\" srcset=\"https:\/\/www.alterre-circuit.org\/site\/wp-content\/uploads\/2016\/09\/DSC_0490-199x300.jpg 199w, https:\/\/www.alterre-circuit.org\/site\/wp-content\/uploads\/2016\/09\/DSC_0490-768x1156.jpg 768w, https:\/\/www.alterre-circuit.org\/site\/wp-content\/uploads\/2016\/09\/DSC_0490-680x1024.jpg 680w\" sizes=\"auto, (max-width: 227px) 100vw, 227px\" \/><\/div>\n<div class=\"colonne_droite\">\n<p class=\"western\" style=\"text-align: center;\"><strong>L&rsquo;engagement des consomm&rsquo;acteurs<br \/>\n<\/strong><\/p>\n<div class=\"texte_de_bienvenue\">\n<p><strong>Ce qui nous motive \u00e0 mettre en place un circuit de commercialisation direct<\/strong><\/p>\n<p><img loading=\"lazy\" decoding=\"async\" class=\"puce\" src=\"http:\/\/paulmasson.atimbli.net\/squelettes-dist\/puce.gif\" alt=\"-\" width=\"8\" height=\"11\" \/>\u00a0Permettre \u00e0 des paysans de vivre de leur m\u00e9tier en r\u00e9mun\u00e9rant leur travail \u00e0 un prix juste en leur permettant de rester sur des exploitations \u00e0 taille humaine<\/p>\n<p><img loading=\"lazy\" decoding=\"async\" class=\"puce\" src=\"http:\/\/paulmasson.atimbli.net\/squelettes-dist\/puce.gif\" alt=\"-\" width=\"8\" height=\"11\" \/>\u00a0Soutenir un type d\u2019agriculture qui cr\u00e9e de l\u2019emploi et permette le partage de la terre, qui respecte l\u2019environnement, qui respecte le consommateur en fournissant des produits de qualit\u00e9.<\/p>\n<p><img loading=\"lazy\" decoding=\"async\" class=\"puce\" src=\"http:\/\/paulmasson.atimbli.net\/squelettes-dist\/puce.gif\" alt=\"-\" width=\"8\" height=\"11\" \/>\u00a0Consommer des produits de qualit\u00e9, en retrouvant le vrai go\u00fbt des produits<\/p>\n<p><img loading=\"lazy\" decoding=\"async\" class=\"puce\" src=\"http:\/\/paulmasson.atimbli.net\/squelettes-dist\/puce.gif\" alt=\"-\" width=\"8\" height=\"11\" \/>\u00a0Cesser de soutenir la grande distribution en mettant en place un syst\u00e8me alternatif qui favorise l\u2019emploi, pr\u00e9serve l\u2019environnement et privil\u00e9gie la r\u00e9mun\u00e9ration du travail.<\/p>\n<p><img loading=\"lazy\" decoding=\"async\" class=\"puce\" src=\"http:\/\/paulmasson.atimbli.net\/squelettes-dist\/puce.gif\" alt=\"-\" width=\"8\" height=\"11\" \/>\u00a0Favoriser des \u00e9changes de proximit\u00e9 sur le territoire avec les paysans, entre consommateurs, contribuant \u00e0 faire vivre le milieu rural et \u00e0 faire respirer la ville, coh\u00e9rents d\u2019un point de vue \u00e9cologique (\u00e9nergie, transport\u2026).<\/p>\n<\/div>\n<p>&nbsp;<\/p>\n<p><em>Pour aller plus loin :<\/em><\/p>\n<ul>\n<li><a href=\"http:\/\/paulmasson.atimbli.net\/spip.php?article503\">Qui nous nourrira demain ?<\/a><\/li>\n<li><a href=\"http:\/\/paulmasson.atimbli.net\/spip.php?article215\">Envie de mieux consommer ? se mettre en r\u00e9seau<\/a><\/li>\n<li><a href=\"http:\/\/paulmasson.atimbli.net\/spip.php?article652\">Les plus-values du circuit court<\/a><\/li>\n<\/ul>\n<\/div>\n","protected":false},"excerpt":{"rendered":"<p>&nbsp; &nbsp; L&rsquo;engagement des consomm&rsquo;acteurs Ce qui nous motive \u00e0 mettre en place un circuit de commercialisation direct \u00a0Permettre \u00e0 des paysans de vivre de leur m\u00e9tier en r\u00e9mun\u00e9rant leur travail \u00e0 un prix juste en leur permettant de rester sur des exploitations \u00e0 taille humaine \u00a0Soutenir un type d\u2019agriculture qui cr\u00e9e de l\u2019emploi et&hellip; <a class=\"read-more\" href=\"https:\/\/www.alterre-circuit.org\/site\/les-consommateurs\/lengagement-des-consommateurs\/\">Read More<\/a><\/p>\n","protected":false},"author":3,"featured_media":0,"parent":21,"menu_order":0,"comment_status":"closed","ping_status":"closed","template":"page-nosidebar.php","meta":{"footnotes":""},"class_list":["post-181","page","type-page","status-publish","hentry"],"_links":{"self":[{"href":"https:\/\/www.alterre-circuit.org\/site\/wp-json\/wp\/v2\/pages\/181","targetHints":{"allow":["GET"]}}],"collection":[{"href":"https:\/\/www.alterre-circuit.org\/site\/wp-json\/wp\/v2\/pages"}],"about":[{"href":"https:\/\/www.alterre-circuit.org\/site\/wp-json\/wp\/v2\/types\/page"}],"author":[{"embeddable":true,"href":"https:\/\/www.alterre-circuit.org\/site\/wp-json\/wp\/v2\/users\/3"}],"replies":[{"embeddable":true,"href":"https:\/\/www.alterre-circuit.org\/site\/wp-json\/wp\/v2\/comments?post=181"}],"version-history":[{"count":31,"href":"https:\/\/www.alterre-circuit.org\/site\/wp-json\/wp\/v2\/pages\/181\/revisions"}],"predecessor-version":[{"id":882,"href":"https:\/\/www.alterre-circuit.org\/site\/wp-json\/wp\/v2\/pages\/181\/revisions\/882"}],"up":[{"embeddable":true,"href":"https:\/\/www.alterre-circuit.org\/site\/wp-json\/wp\/v2\/pages\/21"}],"wp:attachment":[{"href":"https:\/\/www.alterre-circuit.org\/site\/wp-json\/wp\/v2\/media?parent=181"}],"curies":[{"name":"wp","href":"https:\/\/api.w.org\/{rel}","templated":true}]}}