{"id":184,"date":"2016-03-30T18:48:52","date_gmt":"2016-03-30T17:48:52","guid":{"rendered":"http:\/\/www.alterre-circuit.org\/site\/?page_id=184"},"modified":"2016-09-29T22:33:14","modified_gmt":"2016-09-29T21:33:14","slug":"paroles-de-consommateurs","status":"publish","type":"page","link":"https:\/\/www.alterre-circuit.org\/site\/les-consommateurs\/paroles-de-consommateurs\/","title":{"rendered":"Paroles de consommateurs"},"content":{"rendered":"<div class=\"colonne_gauche\">\n<p><img loading=\"lazy\" decoding=\"async\" class=\"size-medium wp-image-883 aligncenter\" src=\"http:\/\/www.alterre-circuit.org\/site\/wp-content\/uploads\/2016\/03\/DSC_0501-Copie-300x214.jpg\" alt=\"dsc_0501-copie\" width=\"300\" height=\"214\" srcset=\"https:\/\/www.alterre-circuit.org\/site\/wp-content\/uploads\/2016\/03\/DSC_0501-Copie-300x214.jpg 300w, https:\/\/www.alterre-circuit.org\/site\/wp-content\/uploads\/2016\/03\/DSC_0501-Copie-768x548.jpg 768w, https:\/\/www.alterre-circuit.org\/site\/wp-content\/uploads\/2016\/03\/DSC_0501-Copie-1024x730.jpg 1024w\" sizes=\"auto, (max-width: 300px) 100vw, 300px\" \/><\/p>\n<\/div>\n<div class=\"colonne_droite\">\n<div class=\"CadreDroite\" style=\"text-align: justify;\">\n<p><em>Elise et Pierre, 35 et 36 ans, orthophoniste et enseignant chercheur, 3 enfants &#8211; St-Laurent-Blangy<\/em> &#8211; <em> Adh\u00e9rents \u00e0 Al&rsquo;terre circuit depuis 2009<\/em><\/p>\n<hr \/>\n<p><strong>Comment avez-vous d\u00e9couvert Al&rsquo;terre circuit ?<\/strong><br \/>\nEn arrivant sur Arras, on connaissait des personnes qui \u00e9taient adh\u00e9rentes et qui nous en ont parl\u00e9.<\/p>\n<p><strong>Pourquoi \u00eates-vous venus \u00e0 Al&rsquo;terre circuit ?<\/strong><br \/>\nAu d\u00e9part c&rsquo;\u00e9tait juste pour avoir des paniers de l\u00e9gumes.<\/p>\n<p><strong>Qu&rsquo;est ce que vous y avez d\u00e9couvert ?<\/strong><br \/>\nNous avons d\u00e9couvert un autre rapport \u00e0 la consommation et le concept de l&rsquo;agriculture paysanne.<br \/>\nPuis nous avons rencontr\u00e9 des producteurs engag\u00e9s qui nous ont expliqu\u00e9 leur travail, et le monde militant arrageois. Cela nous a permis de conna\u00eetre des alternatives dans diff\u00e9rents domaines comme la finance solidaire avec la Nef, enercoop pour l&rsquo;\u00e9lectricit\u00e9, biocoop, et d&rsquo;autres exemples d&rsquo;alternatives \u00e0 la grandes distribution&#8230;<br \/>\nOn ne va plus du tout en grande surface, on a r\u00e9ussi \u00e0 trouver des alternatives. On a \u00e9volu\u00e9 sur notre r\u00e9gime alimentaire, on donne une place plus importante aux l\u00e9gumes dans notre alimentation.<\/p>\n<p><strong>Qu&rsquo;est ce qui aujourd&rsquo;hui vous fait rester ?<\/strong><br \/>\nOn a des amis, on appr\u00e9cie les personnes, on a fait de belles rencontres.<br \/>\nCela nous permet d&rsquo;acheter local et on a le plaisir de l&rsquo;arriv\u00e9e des l\u00e9gumes de saison.<br \/>\nOn a maintenant envie de partager ce qu&rsquo;on a d\u00e9couvert \u00e0 d&rsquo;autres personnes, les \u00e9changes avec les producteurs sont tr\u00e8s int\u00e9ressants, nous sommes devenus d\u00e9pendants des produits d&rsquo;Al&rsquo;terre circuit !<\/p>\n<p><strong>Quels produits commandez-vous en g\u00e9n\u00e9ral ?<\/strong><br \/>\nAu d\u00e9but nous commandions uniquement des paniers de l\u00e9gumes, puis des \u0153ufs.<br \/>\nEt maintenant chaque semaine, on prends aussi du pain, des pommes, de la bi\u00e8re, de la tisane, des pommes de terre et de la confiture etc.<\/p>\n<p><strong>Pourquoi le choix de l&rsquo;agriculture paysanne ?<\/strong><br \/>\nPour:<br \/>\n&#8211; la d\u00e9marche globale, sociale et alimentaire.<br \/>\n&#8211; la cr\u00e9ation d&#8217;emplois (plusieurs petits paysans sur un terrain plut\u00f4t qu&rsquo;un seul sur une grande surface).<br \/>\n&#8211; l&rsquo;environnement<br \/>\n&#8211; la qualit\u00e9 des produits<br \/>\n&#8211; le mode d&rsquo;agriculture durable qui r\u00e9pond aux enjeux, d\u00e9fis actuels ( emploi, environnement, humain&#8230;)<\/p>\n<\/div>\n<div class=\"CadreDroite\" style=\"text-align: justify;\">\n<em>La\u00ebtitia, 32 ans, secr\u00e9taire &#8211; St-Laurent-Blangy<\/em><br \/>\n<em> Adh\u00e9rente \u00e0 Al&rsquo;terre circuit depuis 2015<\/em><\/p>\n<hr \/>\n<p><strong>Comment as tu d\u00e9couvert Al&rsquo;terre circuit ?<\/strong><br \/>\nLors d\u2019une r\u00e9union d\u2019information en juin 2015 \u00e0 l\u2019espace Chanteclair de St Nicolas les Arras.<\/p>\n<p><strong>Pourquoi es tu venue \u00e0 Al&rsquo;terre circuit ?<\/strong><br \/>\nUn souhait de reprendre un peu en main mon alimentation, consommer et encourager les producteurs de produits sains. L\u2019envie d\u2019encourager l\u2019initiative. La possibilit\u00e9 d\u2019acheter des produits sans interm\u00e9diaires.<\/p>\n<p><strong>Qu&rsquo;est ce que tu y as d\u00e9couvert ?<\/strong><br \/>\nDes membres actifs et investis, l\u2019agriculture paysanne que je ne connaissais pas (explications, visites d\u2019exploitation, des producteurs soucieux de faire connaitre leurs m\u00e9tiers et produits), le plaisir de connaitre des producteurs et pouvoir sans crainte acheter ou recommander leurs produits (via Al&rsquo;terre circuit ou au march\u00e9). Une convivialit\u00e9, entraide et des rencontres humaines enrichissantes.<\/p>\n<p><strong>Qu&rsquo;est ce qui aujourd&rsquo;hui t&rsquo;y fait rester ?<\/strong><br \/>\nTout ce qui pr\u00e9c\u00e8de.<\/p>\n<p><strong>Quel produit commandes-tu en g\u00e9n\u00e9ral ?<\/strong><br \/>\nDes \u0153ufs bio (que j\u2019achetais auparavant beaucoup plus chers en grande surface), bi\u00e8re, l\u00e9gumes au d\u00e9tail (carottes), pommes de terre, principalement.<\/p>\n<p><strong>Pourquoi le choix de l&rsquo;agriculture paysanne ?<\/strong><br \/>\nC&rsquo;est une agriculture qui d\u00e9fend des valeurs dans lesquelles je peux me retrouver. C&rsquo;est une d\u00e9marche globale qui prend en compte diff\u00e9rents aspects de l&rsquo;agriculture pour permettre aux producteurs de valoriser leur travail et pas uniquement la quantit\u00e9 produite (co\u00fbt du travail, transmission des terres, respect de l\u2019environnement, qualit\u00e9 &#8230;).<\/p>\n<\/div>\n<p>&nbsp;<\/p>\n<div class=\"CadreDroite\" style=\"text-align: justify;\">\n<em>Mireille, 67 ans, retrait\u00e9e &#8211; Arras<\/em><br \/>\n<em> Adh\u00e9rente \u00e0 Al&rsquo;terre circuit depuis 2009<\/em><\/p>\n<hr \/>\n<p><strong>Comment as tu d\u00e9couvert Al&rsquo;terre circuit ?<\/strong><br \/>\nPar <a href=\"http:\/\/www.alterre-circuit.org\/site\/les-producteurs-2\/francois-thery\/\">Fran\u00e7ois Th\u00e9ry<\/a> que je connaissais du groupe d&rsquo;Arras d&rsquo;Amnesty International (il y a aussi entra\u00een\u00e9, du m\u00eame groupe, Claudine, Fran\u00e7oise, Marie-Pierre&#8230;).<\/p>\n<p><strong>Pourquoi es tu venue \u00e0 Al&rsquo;terre circuit ?<\/strong><br \/>\nParce que le concept m&rsquo;int\u00e9ressait, \u00e0 la fois d&rsquo;\u00e9ducation populaire et d&rsquo;action au niveau local, je peux agir \u00e0 mon niveau&#8230;<\/p>\n<p><strong>Qu&rsquo;est ce que tu y as d\u00e9couvert ?<\/strong><br \/>\nEn mati\u00e8re de \u00ab\u00a0d\u00e9couverte\u00a0\u00bb je citerai principalement celle des r\u00e9alit\u00e9s des agriculteurs, de leurs r\u00e9ussites et difficult\u00e9s (que je n&rsquo;avais jamais approfondies avec mes grands parents m\u00e9tayers!), le cycle des saisons, l&rsquo;impact des al\u00e9as climatiques ou autres&#8230; Pour le reste nous ne nous sommes jamais vraiment approvisionn\u00e9s en produits frais dans la grande distribution.<\/p>\n<p><strong>Qu&rsquo;est ce qui aujourd&rsquo;hui t&rsquo;y fait rester ?<\/strong><br \/>\nLa continuation d&rsquo;une exp\u00e9rience associative riche et originale, les gens qu&rsquo;on y rencontre dans leur diversit\u00e9, le contact avec les producteurs,l&rsquo;aspect local de cette action.<\/p>\n<p><strong>Quel produit commandes-tu en g\u00e9n\u00e9ral ?<\/strong><br \/>\nLe pain de Marie-Paule, les \u0153ufs et volailles de Michel, les pommes de terre de Fran\u00e7ois, le miel d&rsquo;Alexandre, la bi\u00e8re de Mathieu, les aromates de Fanny, les pommes quand elles reviendront !!! et je commande peu de paniers \u00e0 cause des l\u00e9gumes que je n&rsquo;aime pas ou assimile mal&#8230; (nous compl\u00e9tons au march\u00e9 d&rsquo;Arras o\u00f9 on retrouve aussi nos producteurs).<\/p>\n<p><strong>Pourquoi le choix de l&rsquo;agriculture paysanne ?<\/strong><br \/>\nPour ses qualit\u00e9s d&rsquo;insertion dans la vie locale et le rejet de l&rsquo;industrialisation des activit\u00e9s agricoles, le respect de la terre et des personnes qui la travaillent. Je fais une diff\u00e9rence avec le \u00ab\u00a0bio\u00a0\u00bb qui peut venir de l&rsquo;autre bout du monde sans n\u00e9cessit\u00e9 particuli\u00e8re (je pr\u00e9cise que ma vie active \u00e9tait centr\u00e9e sur le commerce international &#8211; en la mati\u00e8re, je sais un peu de quoi je parle ;o))<\/p>\n<\/div>\n<div class=\"colonne_droite\">\n<p>&nbsp;<\/p>\n<hr \/>\n<\/div>\n","protected":false},"excerpt":{"rendered":"<p>Elise et Pierre, 35 et 36 ans, orthophoniste et enseignant chercheur, 3 enfants &#8211; St-Laurent-Blangy &#8211; Adh\u00e9rents \u00e0 Al&rsquo;terre circuit depuis 2009 Comment avez-vous d\u00e9couvert Al&rsquo;terre circuit ? En arrivant sur Arras, on connaissait des personnes qui \u00e9taient adh\u00e9rentes et qui nous en ont parl\u00e9. Pourquoi \u00eates-vous venus \u00e0 Al&rsquo;terre circuit ? Au d\u00e9part c&rsquo;\u00e9tait&hellip; <a class=\"read-more\" href=\"https:\/\/www.alterre-circuit.org\/site\/les-consommateurs\/paroles-de-consommateurs\/\">Read More<\/a><\/p>\n","protected":false},"author":3,"featured_media":0,"parent":21,"menu_order":0,"comment_status":"closed","ping_status":"closed","template":"page-nosidebar.php","meta":{"footnotes":""},"class_list":["post-184","page","type-page","status-publish","hentry"],"_links":{"self":[{"href":"https:\/\/www.alterre-circuit.org\/site\/wp-json\/wp\/v2\/pages\/184","targetHints":{"allow":["GET"]}}],"collection":[{"href":"https:\/\/www.alterre-circuit.org\/site\/wp-json\/wp\/v2\/pages"}],"about":[{"href":"https:\/\/www.alterre-circuit.org\/site\/wp-json\/wp\/v2\/types\/page"}],"author":[{"embeddable":true,"href":"https:\/\/www.alterre-circuit.org\/site\/wp-json\/wp\/v2\/users\/3"}],"replies":[{"embeddable":true,"href":"https:\/\/www.alterre-circuit.org\/site\/wp-json\/wp\/v2\/comments?post=184"}],"version-history":[{"count":24,"href":"https:\/\/www.alterre-circuit.org\/site\/wp-json\/wp\/v2\/pages\/184\/revisions"}],"predecessor-version":[{"id":975,"href":"https:\/\/www.alterre-circuit.org\/site\/wp-json\/wp\/v2\/pages\/184\/revisions\/975"}],"up":[{"embeddable":true,"href":"https:\/\/www.alterre-circuit.org\/site\/wp-json\/wp\/v2\/pages\/21"}],"wp:attachment":[{"href":"https:\/\/www.alterre-circuit.org\/site\/wp-json\/wp\/v2\/media?parent=184"}],"curies":[{"name":"wp","href":"https:\/\/api.w.org\/{rel}","templated":true}]}}