{"id":187,"date":"2016-03-30T18:49:50","date_gmt":"2016-03-30T17:49:50","guid":{"rendered":"http:\/\/www.alterre-circuit.org\/site\/?page_id=187"},"modified":"2016-09-26T22:24:58","modified_gmt":"2016-09-26T21:24:58","slug":"comment-adherer","status":"publish","type":"page","link":"https:\/\/www.alterre-circuit.org\/site\/les-consommateurs\/comment-adherer\/","title":{"rendered":"Commander : comment \u00e7a marche ?"},"content":{"rendered":"<div class=\"colonne_gauche\">\n<h4>\u00a0Envie d&rsquo;adh\u00e9rer \u00e0 Al&rsquo;terre circuit ?<\/h4>\n<p>Venez-nous rencontrer lors d&rsquo;une permanence.<br \/>\nVous avez la possibilit\u00e9 d&rsquo;essayer avant de vous engager.<\/p>\n<div class=\"lieu_distribution\">\n<h4>Retrait des commandes :<\/h4>\n<p style=\"text-align: center;\">Tous les jeudis de 17h30 \u00e0 19h00<\/p>\n<p style=\"text-align: center;\">71 bis rue Roger Salengro<br \/>\n62223 Saint-Laurent-Blangy<\/p>\n<p style=\"text-align: center;\">Bus : lignes 1 et 532 &#8211; Arr\u00eat Goudemand<\/p>\n<\/div>\n<p><img loading=\"lazy\" decoding=\"async\" class=\"size-medium wp-image-868 aligncenter\" src=\"http:\/\/www.alterre-circuit.org\/site\/wp-content\/uploads\/2016\/09\/DSC00375-300x225.jpg\" alt=\"dsc00375\" width=\"300\" height=\"225\" srcset=\"https:\/\/www.alterre-circuit.org\/site\/wp-content\/uploads\/2016\/09\/DSC00375-300x225.jpg 300w, https:\/\/www.alterre-circuit.org\/site\/wp-content\/uploads\/2016\/09\/DSC00375-768x576.jpg 768w, https:\/\/www.alterre-circuit.org\/site\/wp-content\/uploads\/2016\/09\/DSC00375-1024x768.jpg 1024w\" sizes=\"auto, (max-width: 300px) 100vw, 300px\" \/><\/p>\n<\/div>\n<div class=\"colonne_droite\">\n<p style=\"text-align: center;\"><strong>Commander : comment \u00e7a marche ?<\/strong><\/p>\n<div class=\"texte_de_bienvenue\">\n<p style=\"text-align: justify;\"><strong>Chaque mois :<\/strong> une trentaine de consommateurs commande \u00e0 une dizaine de producteurs (mara\u00eechers, \u00e9leveurs, cultivateurs, apiculteurs, brasseurs&#8230;) par le biais d&rsquo;un site internet.<\/p>\n<p style=\"text-align: justify;\"><strong>Chaque semaine :<\/strong> les consommateurs r\u00e9cup\u00e8rent les produits de leur commande lors d&rsquo;une permanence assur\u00e9e \u00e0 tour de r\u00f4le par les membres de l&rsquo;association.<\/p>\n<p style=\"text-align: justify;\">Le m\u00eame jour, de 16h \u00e0 18h, la Maillotine, boucherie coop\u00e9rative, permet de s&rsquo;approvisionner en produits transform\u00e9s (viande, fromages, plats pr\u00e9par\u00e9s&#8230;) au march\u00e9 de la Place du Riez.<\/p>\n<p><i>Cette <a href=\"http:\/\/paulmasson.atimbli.net\/IMG\/pdf_Al_terre_circuit_comment_ca_marche_.pdf\" target=\"_blank\">organisation associative originale<\/a> bas\u00e9e sur le <a href=\"http:\/\/paulmasson.atimbli.net\/IMG\/pdf_Les_groupes_et_les_principales_taches.pdf\" target=\"_blank\">temps b\u00e9n\u00e9vole<\/a> pour la distribution permet d&rsquo;\u00e9viter des co\u00fbts suppl\u00e9mentaires et ainsi de proposer des prix raisonnables tout en maintenant une juste r\u00e9mun\u00e9ration du travail des paysans.<\/i><\/p>\n<\/div>\n<p>&nbsp;<\/p>\n<p style=\"text-align: justify;\"><i><strong>Est-ce qu&rsquo;on trouve tout, comme dans un supermarch\u00e9 ?<\/strong> <\/i><br \/>\nOn ne trouve que des productions locales et de saison !<\/p>\n<p style=\"text-align: justify;\"><i><strong>Est-ce que c&rsquo;est moins cher qu&rsquo;en supermarch\u00e9 ?<\/strong> <\/i><br \/>\nPas forc\u00e9ment. La production paysanne ne peut s&rsquo;\u00e9valuer avec les outils de mesure de la production alimentaire industrielle. Elle ne produit pas les m\u00eames choses &#8211; et n&rsquo;ob\u00e9it pas aux m\u00eames normes de productivit\u00e9. Le paysan est davantage r\u00e9mun\u00e9r\u00e9. Les prix sont ceux qu&rsquo;on trouve au march\u00e9 d&rsquo;Arras.<\/p>\n<\/div>\n","protected":false},"excerpt":{"rendered":"<p>\u00a0Envie d&rsquo;adh\u00e9rer \u00e0 Al&rsquo;terre circuit ? Venez-nous rencontrer lors d&rsquo;une permanence. Vous avez la possibilit\u00e9 d&rsquo;essayer avant de vous engager. Retrait des commandes : Tous les jeudis de 17h30 \u00e0 19h00 71 bis rue Roger Salengro 62223 Saint-Laurent-Blangy Bus : lignes 1 et 532 &#8211; Arr\u00eat Goudemand Commander : comment \u00e7a marche ? Chaque mois&hellip; <a class=\"read-more\" href=\"https:\/\/www.alterre-circuit.org\/site\/les-consommateurs\/comment-adherer\/\">Read More<\/a><\/p>\n","protected":false},"author":3,"featured_media":0,"parent":21,"menu_order":0,"comment_status":"closed","ping_status":"closed","template":"page-nosidebar.php","meta":{"footnotes":""},"class_list":["post-187","page","type-page","status-publish","hentry"],"_links":{"self":[{"href":"https:\/\/www.alterre-circuit.org\/site\/wp-json\/wp\/v2\/pages\/187","targetHints":{"allow":["GET"]}}],"collection":[{"href":"https:\/\/www.alterre-circuit.org\/site\/wp-json\/wp\/v2\/pages"}],"about":[{"href":"https:\/\/www.alterre-circuit.org\/site\/wp-json\/wp\/v2\/types\/page"}],"author":[{"embeddable":true,"href":"https:\/\/www.alterre-circuit.org\/site\/wp-json\/wp\/v2\/users\/3"}],"replies":[{"embeddable":true,"href":"https:\/\/www.alterre-circuit.org\/site\/wp-json\/wp\/v2\/comments?post=187"}],"version-history":[{"count":64,"href":"https:\/\/www.alterre-circuit.org\/site\/wp-json\/wp\/v2\/pages\/187\/revisions"}],"predecessor-version":[{"id":966,"href":"https:\/\/www.alterre-circuit.org\/site\/wp-json\/wp\/v2\/pages\/187\/revisions\/966"}],"up":[{"embeddable":true,"href":"https:\/\/www.alterre-circuit.org\/site\/wp-json\/wp\/v2\/pages\/21"}],"wp:attachment":[{"href":"https:\/\/www.alterre-circuit.org\/site\/wp-json\/wp\/v2\/media?parent=187"}],"curies":[{"name":"wp","href":"https:\/\/api.w.org\/{rel}","templated":true}]}}