{"id":210,"date":"2016-03-30T19:21:34","date_gmt":"2016-03-30T18:21:34","guid":{"rendered":"http:\/\/www.alterre-circuit.org\/site\/?page_id=210"},"modified":"2016-09-26T21:51:36","modified_gmt":"2016-09-26T20:51:36","slug":"charte-de-lagriculture-paysanne","status":"publish","type":"page","link":"https:\/\/www.alterre-circuit.org\/site\/lassociation\/charte-de-lagriculture-paysanne\/","title":{"rendered":"L&rsquo;agriculture paysanne"},"content":{"rendered":"<div class=\"colonne_gauche\">\n<div class=\"logo_charteAP\">\n<p style=\"text-align: center;\"><span style=\"color: #333333;\">Les 6 valeurs de l&rsquo;agriculture paysanne<\/span><\/p>\n<p><img loading=\"lazy\" decoding=\"async\" class=\"size-full wp-image-218 aligncenter\" src=\"http:\/\/www.alterre-circuit.org\/site\/wp-content\/uploads\/2016\/03\/margeurite.jpg\" alt=\"margeurite\" width=\"287\" height=\"266\" \/><\/p>\n<\/div>\n<\/div>\n<div class=\"colonne_droite\">\n<p style=\"text-align: center;\"><strong>L&rsquo;agriculture paysanne<\/strong><\/p>\n<div class=\"CadreDroite\" style=\"text-align: justify;\">\n<div class=\"charteAP\">\n<p style=\"text-align: justify;\"><span style=\"text-decoration: underline;\">La \u00ab\u00a0charte de l&rsquo;agriculture paysanne\u00a0\u00bb<\/span> a \u00e9t\u00e9 choisie comme base d&rsquo;engagement des producteurs et comme r\u00e9f\u00e9rence \u00e0 notre action.<\/p>\n<div class=\"crayon article-chapo-167 chapo\">\n<p><i>L\u2019agriculture paysanne doit permettre \u00e0 un maximum de paysans r\u00e9partis sur tout le territoire de vivre d\u00e9cemment de leur m\u00e9tier en produisant sur une exploitation \u00e0 taille humaine une alimentation saine et de qualit\u00e9, sans remettre en cause les ressources naturelles de demain. Elle doit participer avec les autres citoyens \u00e0 rendre le milieu rural vivant dans un cadre de vie appr\u00e9ci\u00e9 de tous.<\/i><\/p>\n<\/div>\n<div class=\"crayon article-texte-167 texte\">\n<hr \/>\n<p><strong>Les 10 principes de l&rsquo;agriculture paysanne<\/strong><i><\/i><\/p>\n<p>Principe n\u00b01\u00a0: R\u00e9partir les volumes de production afin de permettre au plus grand nombre d\u2019acc\u00e9der au m\u00e9tier et d\u2019en vivre.<\/p>\n<p><i>Principe n\u00b02<\/i>\u00a0: Etre solidaire des paysans des autres r\u00e9gions d\u2019Europe et du monde.<\/p>\n<p><i>Principe n\u00b03<\/i>\u00a0: Respecter la nature\u00a0: on n\u2019h\u00e9rite pas la terre de nos parents, on l\u2019emprunte \u00e0 ses enfants.<\/p>\n<p><i>Principe n\u00b04<\/i>\u00a0: Valoriser les ressources abondantes et \u00e9conomiser les ressources rares.<\/p>\n<p><i>Principe n\u00b05\u00a0:<\/i> Rechercher la transparence dans les actes d\u2019achat, de production, de transformation et de vente des produits agricoles.<\/p>\n<p><i>Principe n\u00b06<\/i>\u00a0: Assurer la bonne qualit\u00e9 gustative et sanitaire des produits.<\/p>\n<p><i>Principe n\u00b07<\/i>\u00a0: Viser le maximum d\u2019autonomie dans le fonctionnement des exploitations agricoles.<\/p>\n<p><i>Principe n\u00b08<\/i>\u00a0: Rechercher les partenariats avec d\u2019autres acteurs du monde rural.<\/p>\n<p><i>Principe n\u00b09<\/i>\u00a0: Maintenir la diversit\u00e9 des populations animales \u00e9lev\u00e9es et des vari\u00e9t\u00e9s v\u00e9g\u00e9tales cultiv\u00e9es.<\/p>\n<p><i>Principe n\u00b010<\/i>\u00a0: Toujours raisonner \u00e0 long terme et de mani\u00e8re globale.<\/p>\n<\/div>\n<\/div>\n<\/div>\n<p>Plus de pr\u00e9cisions sur <a href=\"http:\/\/www.confederationpaysanne.fr\/gen_article.php?id=10&amp;t=QUI%20SOMMES-NOUS%20?&amp;PHPSESSID=s5q5bofpptkq04m3t7tfq1aa50\" target=\"_blank\">le site de la Conf\u00e9d\u00e9ration paysanne<\/a><\/p>\n<\/div>\n","protected":false},"excerpt":{"rendered":"<p>Les 6 valeurs de l&rsquo;agriculture paysanne L&rsquo;agriculture paysanne La \u00ab\u00a0charte de l&rsquo;agriculture paysanne\u00a0\u00bb a \u00e9t\u00e9 choisie comme base d&rsquo;engagement des producteurs et comme r\u00e9f\u00e9rence \u00e0 notre action. L\u2019agriculture paysanne doit permettre \u00e0 un maximum de paysans r\u00e9partis sur tout le territoire de vivre d\u00e9cemment de leur m\u00e9tier en produisant sur une exploitation \u00e0 taille humaine&hellip; <a class=\"read-more\" href=\"https:\/\/www.alterre-circuit.org\/site\/lassociation\/charte-de-lagriculture-paysanne\/\">Read More<\/a><\/p>\n","protected":false},"author":3,"featured_media":0,"parent":15,"menu_order":0,"comment_status":"closed","ping_status":"closed","template":"page-nosidebar.php","meta":{"footnotes":""},"class_list":["post-210","page","type-page","status-publish","hentry"],"_links":{"self":[{"href":"https:\/\/www.alterre-circuit.org\/site\/wp-json\/wp\/v2\/pages\/210","targetHints":{"allow":["GET"]}}],"collection":[{"href":"https:\/\/www.alterre-circuit.org\/site\/wp-json\/wp\/v2\/pages"}],"about":[{"href":"https:\/\/www.alterre-circuit.org\/site\/wp-json\/wp\/v2\/types\/page"}],"author":[{"embeddable":true,"href":"https:\/\/www.alterre-circuit.org\/site\/wp-json\/wp\/v2\/users\/3"}],"replies":[{"embeddable":true,"href":"https:\/\/www.alterre-circuit.org\/site\/wp-json\/wp\/v2\/comments?post=210"}],"version-history":[{"count":27,"href":"https:\/\/www.alterre-circuit.org\/site\/wp-json\/wp\/v2\/pages\/210\/revisions"}],"predecessor-version":[{"id":950,"href":"https:\/\/www.alterre-circuit.org\/site\/wp-json\/wp\/v2\/pages\/210\/revisions\/950"}],"up":[{"embeddable":true,"href":"https:\/\/www.alterre-circuit.org\/site\/wp-json\/wp\/v2\/pages\/15"}],"wp:attachment":[{"href":"https:\/\/www.alterre-circuit.org\/site\/wp-json\/wp\/v2\/media?parent=210"}],"curies":[{"name":"wp","href":"https:\/\/api.w.org\/{rel}","templated":true}]}}