{"id":23,"date":"2016-03-21T14:26:22","date_gmt":"2016-03-21T13:26:22","guid":{"rendered":"http:\/\/www.alterre-circuit.org\/site\/?page_id=23"},"modified":"2024-08-27T10:21:01","modified_gmt":"2024-08-27T09:21:01","slug":"nous-contacter","status":"publish","type":"page","link":"https:\/\/www.alterre-circuit.org\/site\/nous-contacter\/","title":{"rendered":"Nous contacter"},"content":{"rendered":"<div class=\"colonne_gauche\">\n<div class=\"nous_rencontrer\">\n<h4>Nous rencontrer :<\/h4>\n<p>Pendant les permanences de distribution<\/p>\n<p>tous les jeudis de 17h30 \u00e0 19h00<\/p>\n<p>71 bis rue Roger Salengro<br \/>\n62223 Saint-Laurent-Blangy<\/p>\n<p>Bus : lignes 1 et 532 &#8211; Arr\u00eat Goudemand<\/p>\n<p><img loading=\"lazy\" decoding=\"async\" class=\"alignnone size-medium wp-image-847\" src=\"http:\/\/www.alterre-circuit.org\/site\/wp-content\/uploads\/2016\/09\/DSC_0475-300x199.jpg\" alt=\"dsc_0475\" width=\"300\" height=\"199\" srcset=\"https:\/\/www.alterre-circuit.org\/site\/wp-content\/uploads\/2016\/09\/DSC_0475-300x199.jpg 300w, https:\/\/www.alterre-circuit.org\/site\/wp-content\/uploads\/2016\/09\/DSC_0475-768x510.jpg 768w, https:\/\/www.alterre-circuit.org\/site\/wp-content\/uploads\/2016\/09\/DSC_0475-1024x680.jpg 1024w\" sizes=\"auto, (max-width: 300px) 100vw, 300px\" \/><\/p>\n<\/div>\n<\/div>\n<div class=\"colonne_droite\">\n<div class=\"texte_de_bienvenue\">\n<p>Vous voulez nous rejoindre ou vous organiser pour cr\u00e9er des groupes inspir\u00e9s de Al&rsquo;terre circuit.<\/p>\n<h4>Comment faire ?<\/h4>\n<p>Venez nous rencontrer une premi\u00e8re fois au local pendant une permanence, et vous pourrez adh\u00e9rer sur place avec une p\u00e9riode d&rsquo;essai de 3 mois.<br \/>\nVous pouvez nous contacter \u00e0 cette adresse en prenant soin de <strong>supprimer les \u00ab\u00a0&#8212;\u00a0\u00bb avant et apr\u00e8s le \u00ab\u00a0@\u00a0\u00bb<\/strong> (c&rsquo;est pour \u00e9viter que notre adresse ne soit r\u00e9cup\u00e9r\u00e9 par des m\u00e9chants robots !!!) :<br \/>\n<strong>contact&#8211;@&#8211;alterre-circuit.org<\/strong><\/p>\n<\/div>\n<\/div>\n","protected":false},"excerpt":{"rendered":"<p>Nous rencontrer : Pendant les permanences de distribution tous les jeudis de 17h30 \u00e0 19h00 71 bis rue Roger Salengro 62223 Saint-Laurent-Blangy Bus : lignes 1 et 532 &#8211; Arr\u00eat Goudemand Vous voulez nous rejoindre ou vous organiser pour cr\u00e9er des groupes inspir\u00e9s de Al&rsquo;terre circuit. Comment faire ? Venez nous rencontrer une premi\u00e8re fois&hellip; <a class=\"read-more\" href=\"https:\/\/www.alterre-circuit.org\/site\/nous-contacter\/\">Read More<\/a><\/p>\n","protected":false},"author":1,"featured_media":0,"parent":0,"menu_order":0,"comment_status":"closed","ping_status":"closed","template":"page-nosidebar.php","meta":{"footnotes":""},"class_list":["post-23","page","type-page","status-publish","hentry"],"_links":{"self":[{"href":"https:\/\/www.alterre-circuit.org\/site\/wp-json\/wp\/v2\/pages\/23","targetHints":{"allow":["GET"]}}],"collection":[{"href":"https:\/\/www.alterre-circuit.org\/site\/wp-json\/wp\/v2\/pages"}],"about":[{"href":"https:\/\/www.alterre-circuit.org\/site\/wp-json\/wp\/v2\/types\/page"}],"author":[{"embeddable":true,"href":"https:\/\/www.alterre-circuit.org\/site\/wp-json\/wp\/v2\/users\/1"}],"replies":[{"embeddable":true,"href":"https:\/\/www.alterre-circuit.org\/site\/wp-json\/wp\/v2\/comments?post=23"}],"version-history":[{"count":30,"href":"https:\/\/www.alterre-circuit.org\/site\/wp-json\/wp\/v2\/pages\/23\/revisions"}],"predecessor-version":[{"id":1217,"href":"https:\/\/www.alterre-circuit.org\/site\/wp-json\/wp\/v2\/pages\/23\/revisions\/1217"}],"wp:attachment":[{"href":"https:\/\/www.alterre-circuit.org\/site\/wp-json\/wp\/v2\/media?parent=23"}],"curies":[{"name":"wp","href":"https:\/\/api.w.org\/{rel}","templated":true}]}}