{"id":627,"date":"2016-09-18T17:46:57","date_gmt":"2016-09-18T16:46:57","guid":{"rendered":"http:\/\/www.alterre-circuit.org\/site\/?page_id=627"},"modified":"2016-09-29T19:35:24","modified_gmt":"2016-09-29T18:35:24","slug":"francois-thery","status":"publish","type":"page","link":"https:\/\/www.alterre-circuit.org\/site\/les-producteurs-2\/francois-thery\/","title":{"rendered":"Fran\u00e7ois Th\u00e9ry"},"content":{"rendered":"<div class=\"colonne_gauche\">\n<div class=\"CadreGauche\"><strong>Fran\u00e7ois Th\u00e9ry<\/strong><br \/>\n<em>Producteur \u00e0 Gavrelle<\/em><br \/>\nGrande culture : Pomme de terre, c\u00e9r\u00e9ales etc.<br \/>\nSurface : 45ha<\/p>\n<h4><img decoding=\"async\" class=\"size-medium wp-image-547 aligncenter\" src=\"http:\/\/www.alterre-circuit.org\/site\/wp-content\/uploads\/2016\/03\/sans-titre-13.jpg\" alt=\"\" width=\"300\" \/><\/h4>\n<\/div>\n<\/div>\n<div class=\"colonne_droite\">\n<div class=\"CadreDroite\" style=\"text-align: justify;\">\n<p><em>Interview r\u00e9alis\u00e9e le 30 juin 2016 chez lui<\/em><\/p>\n<p><strong>Peux-tu nous pr\u00e9senter ton parcours \/ ta motivation ?<\/strong><\/p>\n<p>Je suis n\u00e9 \u00e0 Gavrelle il y a 56 ans de parents agriculteurs. J&rsquo;ai fait des \u00e9tudes d&rsquo;ing\u00e9nieur agronome. En 91, j&rsquo;ai repris la ferme parentale avec mon fr\u00e8re. En 97, nous avons dissout le GAEC et j&rsquo;ai r\u00e9cup\u00e9r\u00e9 50 ha de terrain sur lesquels j&rsquo;ai arr\u00eat\u00e9 la culture industrielle, l&rsquo;irrigation et d\u00e9sintensifi\u00e9 la production et l&rsquo;\u00e9conomie de ma ferme. Ainsi en 2000, je n&rsquo;avais plus de dette sur la ferme. En 2005, l&rsquo;association <a href=\"https:\/\/www.terredeliens.org\/\" target=\"_blank\">Terre de Liens<\/a> a rachet\u00e9 une partie des terres que j&rsquo;exploite et dont le propri\u00e9taire voulait se s\u00e9parer. Je me suis enti\u00e8rement converti au bio en 2006 et j&rsquo;ai arr\u00eat\u00e9 la production de betterave. Je fais maintenant de la chicor\u00e9e, de la luzerne, de l&rsquo;endive et des c\u00e9r\u00e9ales. En 2009, j&rsquo;ai fait savoir que je souhaitais c\u00e9der ma ferme j&rsquo;ai commenc\u00e9 \u00e0 travailler avec <a href=\"http:\/\/www.alterre-circuit.org\/site\/les-producteurs-2\/mathieu-glorian\/\" target=\"_blank\">Mathieu Glorian<\/a> pour travailler au plus t\u00f4t cette transmission. Cette ann\u00e9e en septembre, je lui c\u00e9derai environ 10\u00a0% de mes terres.<\/p>\n<hr \/>\n<p><strong>Pourquoi le choix de l&rsquo;agriculture paysanne ?<\/strong><\/p>\n<p>Au d\u00e9part, je travaillais sur un mod\u00e8le industriel qui \u00e9tait en contradiction avec les principes que je d\u00e9fendais \u00e0 la conf\u00e9d\u00e9ration paysanne. J&rsquo;ai donc souhait\u00e9 me remettre en coh\u00e9rence avec l&rsquo;id\u00e9e que je me fais du m\u00e9tier d&rsquo;agriculteur et l&rsquo;id\u00e9e que je me fais de la place de l&rsquo;agriculture dans la soci\u00e9t\u00e9 (protection de l&rsquo;environnement, sobri\u00e9t\u00e9, emploi). Pour moi, l&rsquo;agriculture paysanne propose au paysan de travailler avec la nature dans l&rsquo;int\u00e9r\u00eat de la soci\u00e9t\u00e9 et non d&rsquo;exploiter ou de combattre la nature pour faire un maximum de profit. J&rsquo;ai quitt\u00e9 un travail salari\u00e9 et pourtant, en d\u00e9marrant avec le mod\u00e8le industriel, j&rsquo;avais l&rsquo;impression d&rsquo;\u00eatre \u00e0 l&rsquo;usine. Dans un mod\u00e8le paysan, quand je recherche de l&rsquo;autonomie, je me sens bien, ma\u00eetre de ce que je fais, \u00e9panoui.<\/p>\n<hr \/>\n<p><strong>Pourquoi es-tu venu \u00e0 Al&rsquo;terre Circuit ? Qu&rsquo;est ce que \u00e7a t\u2019apporte ?<\/strong><\/p>\n<p>\u00c7a s&rsquo;est fait via le <a href=\"http:\/\/www.cedapas-npdc.org\/doku.php\" target=\"_blank\">CEDAPAS<\/a>. J&rsquo;ai rencontr\u00e9 des militants d&rsquo;Arras qui voulaient monter quelque chose de concret avec des producteurs. J&rsquo;ai toujours pass\u00e9 beaucoup de temps dans les engagements associatifs et syndicaux. \u00c7a \u00e9vite de rester enferm\u00e9 dans son monde\u00a0! Je trouve \u00e7a int\u00e9ressant le temps que se donnent les consommateurs d&rsquo;Al&rsquo;terre circuit pour comprendre le m\u00e9tier d&rsquo;agriculteur et son environnement. La critique du mod\u00e8le agricole dominant doit venir du consommateur qui a forc\u00e9ment plus de l\u00e9gitimit\u00e9 s&rsquo;il sait de quoi il parle.<\/p>\n<hr \/>\n<p><strong> Quels sont les produits que tu proposes \u00e0 Al&rsquo;terre Circuit ?<\/strong><\/p>\n<p>Je vends des pommes de terre uniquement. C&rsquo;est une infime partie de mes d\u00e9bouch\u00e9s.<\/p>\n<hr \/>\n<p><strong>Quels sont tes projets ? Comment vois-tu l&rsquo;avenir ?<\/strong><\/p>\n<p>Les ann\u00e9es o\u00f9 le temps est comme cette ann\u00e9e, j&rsquo;ai envie de tout arr\u00eater\u00a0! Mais je suis convaincu que l&rsquo;agriculture paysanne est mieux arm\u00e9e que l&rsquo;agriculture industrielle pour faire face aux changements climatiques \u00e0 venir. Dans 6 ans, je m&rsquo;arr\u00eate. D&rsquo;ici l\u00e0, j&rsquo;aimerais r\u00e9duire mon temps de travail, c&rsquo;est pour \u00e7a que j&rsquo;ai cherch\u00e9 \u00e0 faire ma transmission de ferme assez t\u00f4t.<\/p>\n<\/div>\n<\/div>\n","protected":false},"excerpt":{"rendered":"<p>Fran\u00e7ois Th\u00e9ry Producteur \u00e0 Gavrelle Grande culture : Pomme de terre, c\u00e9r\u00e9ales etc. Surface : 45ha Interview r\u00e9alis\u00e9e le 30 juin 2016 chez lui Peux-tu nous pr\u00e9senter ton parcours \/ ta motivation ? Je suis n\u00e9 \u00e0 Gavrelle il y a 56 ans de parents agriculteurs. J&rsquo;ai fait des \u00e9tudes d&rsquo;ing\u00e9nieur agronome. En 91, j&rsquo;ai&hellip; <a class=\"read-more\" href=\"https:\/\/www.alterre-circuit.org\/site\/les-producteurs-2\/francois-thery\/\">Read More<\/a><\/p>\n","protected":false},"author":6,"featured_media":0,"parent":18,"menu_order":0,"comment_status":"closed","ping_status":"closed","template":"page-nosidebar.php","meta":{"footnotes":""},"class_list":["post-627","page","type-page","status-publish","hentry"],"_links":{"self":[{"href":"https:\/\/www.alterre-circuit.org\/site\/wp-json\/wp\/v2\/pages\/627","targetHints":{"allow":["GET"]}}],"collection":[{"href":"https:\/\/www.alterre-circuit.org\/site\/wp-json\/wp\/v2\/pages"}],"about":[{"href":"https:\/\/www.alterre-circuit.org\/site\/wp-json\/wp\/v2\/types\/page"}],"author":[{"embeddable":true,"href":"https:\/\/www.alterre-circuit.org\/site\/wp-json\/wp\/v2\/users\/6"}],"replies":[{"embeddable":true,"href":"https:\/\/www.alterre-circuit.org\/site\/wp-json\/wp\/v2\/comments?post=627"}],"version-history":[{"count":12,"href":"https:\/\/www.alterre-circuit.org\/site\/wp-json\/wp\/v2\/pages\/627\/revisions"}],"predecessor-version":[{"id":970,"href":"https:\/\/www.alterre-circuit.org\/site\/wp-json\/wp\/v2\/pages\/627\/revisions\/970"}],"up":[{"embeddable":true,"href":"https:\/\/www.alterre-circuit.org\/site\/wp-json\/wp\/v2\/pages\/18"}],"wp:attachment":[{"href":"https:\/\/www.alterre-circuit.org\/site\/wp-json\/wp\/v2\/media?parent=627"}],"curies":[{"name":"wp","href":"https:\/\/api.w.org\/{rel}","templated":true}]}}