{"id":633,"date":"2016-09-18T18:13:11","date_gmt":"2016-09-18T17:13:11","guid":{"rendered":"http:\/\/www.alterre-circuit.org\/site\/?page_id=633"},"modified":"2016-09-18T23:12:31","modified_gmt":"2016-09-18T22:12:31","slug":"mathieu-glorian","status":"publish","type":"page","link":"https:\/\/www.alterre-circuit.org\/site\/les-producteurs-2\/mathieu-glorian\/","title":{"rendered":"Mathieu Glorian"},"content":{"rendered":"<div class=\"colonne_gauche\">\n<div class=\"CadreGauche\"><strong>Mathieu Glorian<\/strong><br \/>\n<em>Brasseur \u00e0 Gavrelle<\/em><br \/>\n<a href=\"http:\/\/brasseriepaysanne.fr\/\">Brasserie Paysanne de l&rsquo;Artois<\/a><\/p>\n<h4><img decoding=\"async\" class=\"size-medium wp-image-547 aligncenter\" src=\"http:\/\/www.alterre-circuit.org\/site\/wp-content\/uploads\/2016\/09\/mathieu-glorian.jpg\" alt=\"Photo Mathieu\" width=\"300\" \/><\/h4>\n<\/div>\n<\/div>\n<div class=\"colonne_droite\">\n<div class=\"CadreDroite\" style=\"text-align: justify;\">\n<p><em>Interview r\u00e9alis\u00e9e le 30 juin 2016 \u00e0 la brasserie<\/em><\/p>\n<p><strong>Peux-tu nous pr\u00e9senter ton parcours \/ ta motivation ?<\/strong><\/p>\n<p>J&rsquo;ai fait des \u00e9tudes en agriculture et j&rsquo;ai fait un stage en 1\u00b0 ann\u00e9e dans une ferme laiti\u00e8re qui m&rsquo;a donn\u00e9 le coup de foudre pour le m\u00e9tier de paysan. Pour moi le meilleur moyen d&rsquo;\u00eatre \u00e9colo, c&rsquo;\u00e9tait d&rsquo;\u00eatre paysan\u00a0! J&rsquo;ai donc orient\u00e9 mes \u00e9tudes pour faire ce projet. J&rsquo;ai ensuite travaill\u00e9 dans un parc naturel r\u00e9gional puis cherch\u00e9 \u00e0 m&rsquo;installer dans un projet collectif qui est tomb\u00e9 \u00e0 l&rsquo;eau. J&rsquo;ai travaill\u00e9 pendant quelques ann\u00e9es pour la conf\u00e9d\u00e9ration paysanne o\u00f9 j&rsquo;ai rencontr\u00e9 Fran\u00e7ois. En 2009, il a fait savoir qu&rsquo;il cherchait un repreneur et je me suis pr\u00e9sent\u00e9\u00a0! J&rsquo;ai d\u00e9marr\u00e9 la brasserie en 2013.<\/p>\n<hr \/>\n<p><strong>Pourquoi le choix de l&rsquo;agriculture paysanne ?<\/strong><\/p>\n<p>J&rsquo;y ai \u00e9t\u00e9 conditionn\u00e9\u00a0! De par mes \u00e9tudes, j&rsquo;ai bien compris les tenants et les aboutissants de l&rsquo;agriculture.<br \/>\nJ&rsquo;ai toujours \u00e9t\u00e9 sensible \u00e0 la dimension sociale \/ emploi. Pour moi l&rsquo;entr\u00e9e est d&rsquo;abord sociale, humaine avant d&rsquo;\u00eatre environnementale.<\/p>\n<hr \/>\n<p><strong>Pourquoi es-tu venu \u00e0 Al&rsquo;terre Circuit ? Qu&rsquo;est ce que \u00e7a t\u2019apporte ?<\/strong><\/p>\n<p>J&rsquo;y suis venu d&rsquo;abord en tant que consommateur. En 2004, j&rsquo;ai pass\u00e9 8 mois \u00e0 la maison des paysans puis j&rsquo;y ai \u00e9t\u00e9 salari\u00e9 \u00e0 partir de 2006. C&rsquo;\u00e9tait le moment du d\u00e9marrage d&rsquo;Al&rsquo;terre circuit et \u00e7a m&rsquo;a paru naturel d&rsquo;adh\u00e9rer \u00e0 la d\u00e9marche en tant que consommateur. Acheter des produits locaux, de qualit\u00e9, et dont on conna\u00eet les producteurs avec lesquels on peut dialoguer. Et puis j&rsquo;ai rencontr\u00e9 des gens sympas.<\/p>\n<hr \/>\n<p><strong> Quels sont les produits que tu proposes \u00e0 Al&rsquo;terre Circuit ?<\/strong><\/p>\n<p>Pour l&rsquo;instant, je ne vends que de la bi\u00e8re blonde mais je cherche \u00e0 me diversifier. D\u00e8s l&rsquo;an prochain, je devrais avoir de la bi\u00e8re brune et de l&rsquo;ambr\u00e9e.<br \/>\nActuellement, pour mon d\u00e9marrage, ce d\u00e9bouch\u00e9 est significatif mais \u00e0 terme, \u00e7a devrait devenir une toute petite part de mes ventes.<\/p>\n<hr \/>\n<p><strong>Quels sont tes projets ? Comment vois-tu l&rsquo;avenir ?<\/strong><\/p>\n<p>En fait, je voudrais pouvoir gagner ma vie de mon activit\u00e9 de paysan ce qui n&rsquo;est pas le cas pour l&rsquo;instant (je n&rsquo;ai pas encore tir\u00e9 de salaire de cette activit\u00e9). L\u00e0, je sors de couveuse et je m&rsquo;installe en septembre. Je r\u00e9cup\u00e8re 4,5 ha de la ferme de <a href=\"http:\/\/www.alterre-circuit.org\/site\/les-producteurs-2\/francois-thery\/\">Fran\u00e7ois Th\u00e9ry<\/a> pour pouvoir devenir officiellement agriculteur, demander des aides \u00e0 l&rsquo;installation et demander des pr\u00eats \u00e0 la banque pour passer d&rsquo;une \u00ab\u00a0pico-brasserie\u00a0\u00bb \u00e0 une \u00ab\u00a0micro-brasserie\u00a0\u00bb pour produire environ 50 000 L par an. L\u2019objectif est de pouvoir cr\u00e9er un emploi autre que le mien \u00e0 temps partiel.<br \/>\nD&rsquo;ici le d\u00e9part en retraite de Fran\u00e7ois, on travaillera ensemble de plus en plus sur la ferme. La situation saine de la structure permet d&rsquo;y envisager plein de projets&#8230;<\/p>\n<\/div>\n<\/div>\n","protected":false},"excerpt":{"rendered":"<p>Mathieu Glorian Brasseur \u00e0 Gavrelle Brasserie Paysanne de l&rsquo;Artois Interview r\u00e9alis\u00e9e le 30 juin 2016 \u00e0 la brasserie Peux-tu nous pr\u00e9senter ton parcours \/ ta motivation ? J&rsquo;ai fait des \u00e9tudes en agriculture et j&rsquo;ai fait un stage en 1\u00b0 ann\u00e9e dans une ferme laiti\u00e8re qui m&rsquo;a donn\u00e9 le coup de foudre pour le m\u00e9tier&hellip; <a class=\"read-more\" href=\"https:\/\/www.alterre-circuit.org\/site\/les-producteurs-2\/mathieu-glorian\/\">Read More<\/a><\/p>\n","protected":false},"author":6,"featured_media":0,"parent":18,"menu_order":0,"comment_status":"closed","ping_status":"closed","template":"page-nosidebar.php","meta":{"footnotes":""},"class_list":["post-633","page","type-page","status-publish","hentry"],"_links":{"self":[{"href":"https:\/\/www.alterre-circuit.org\/site\/wp-json\/wp\/v2\/pages\/633","targetHints":{"allow":["GET"]}}],"collection":[{"href":"https:\/\/www.alterre-circuit.org\/site\/wp-json\/wp\/v2\/pages"}],"about":[{"href":"https:\/\/www.alterre-circuit.org\/site\/wp-json\/wp\/v2\/types\/page"}],"author":[{"embeddable":true,"href":"https:\/\/www.alterre-circuit.org\/site\/wp-json\/wp\/v2\/users\/6"}],"replies":[{"embeddable":true,"href":"https:\/\/www.alterre-circuit.org\/site\/wp-json\/wp\/v2\/comments?post=633"}],"version-history":[{"count":13,"href":"https:\/\/www.alterre-circuit.org\/site\/wp-json\/wp\/v2\/pages\/633\/revisions"}],"predecessor-version":[{"id":829,"href":"https:\/\/www.alterre-circuit.org\/site\/wp-json\/wp\/v2\/pages\/633\/revisions\/829"}],"up":[{"embeddable":true,"href":"https:\/\/www.alterre-circuit.org\/site\/wp-json\/wp\/v2\/pages\/18"}],"wp:attachment":[{"href":"https:\/\/www.alterre-circuit.org\/site\/wp-json\/wp\/v2\/media?parent=633"}],"curies":[{"name":"wp","href":"https:\/\/api.w.org\/{rel}","templated":true}]}}