{"id":744,"date":"2016-09-18T21:12:49","date_gmt":"2016-09-18T20:12:49","guid":{"rendered":"http:\/\/www.alterre-circuit.org\/site\/?page_id=744"},"modified":"2018-10-29T16:36:21","modified_gmt":"2018-10-29T15:36:21","slug":"espace-adherents","status":"publish","type":"page","link":"https:\/\/www.alterre-circuit.org\/site\/espace-adherents\/","title":{"rendered":"Espace Adh\u00e9rents"},"content":{"rendered":"<div class=\"colonne_gauche\">\n<div class=\"CadreGauche\"><a href=\"https:\/\/apps.alterre-circuit.org\/passerunecommande\" target=\"_blank\" rel=\"noopener\">Passer une commande<\/a><\/div>\n<div class=\"CadreGauche\"><a href=\"https:\/\/apps.alterre-circuit.org\/permanences\" target=\"_blank\" rel=\"noopener\">S&rsquo;inscrire \u00e0 une permanence<\/a><\/div>\n<\/div>\n<\/div>\n<\/div>\n<div class=\"colonne_droite\">\n<p class=\"western\" style=\"text-align: center;\"><strong>Notre site de commande<br \/>\n<\/strong><\/p>\n<div class=\"texte_de_bienvenue\">\nLe site internet que nous utilisons pour passer les commande et g\u00e9rer les permanences a \u00e9t\u00e9 d\u00e9velopp\u00e9 par des \u00e9tudiants de deuxi\u00e8me ann\u00e9e de DUT informatique (Joffrey Dumetz, Quentin Geeraert, Emanuele Vella et Fr\u00e9d\u00e9ric Tang) dans le cadre d&rsquo;un projet tutor\u00e9 \u00e0 l&rsquo;IUT de Lens.<br \/>\nMerci \u00e0 eux pour leur tr\u00e8s bon travail.<br \/>\nLe site est disponible en opensource sur la <a href=\"https:\/\/trac.interne.cliss21.org\/\">forge<\/a> de notre h\u00e9bergeur <a href=\"http:\/\/www.cliss21.com\/\">Cliss XXI<\/a>.<\/div>\n<\/div>\n<\/div>\n<p>&nbsp;<\/p>\n","protected":false},"excerpt":{"rendered":"<p>Passer une commande S&rsquo;inscrire \u00e0 une permanence Notre site de commande Le site internet que nous utilisons pour passer les commande et g\u00e9rer les permanences a \u00e9t\u00e9 d\u00e9velopp\u00e9 par des \u00e9tudiants de deuxi\u00e8me ann\u00e9e de DUT informatique (Joffrey Dumetz, Quentin Geeraert, Emanuele Vella et Fr\u00e9d\u00e9ric Tang) dans le cadre d&rsquo;un projet tutor\u00e9 \u00e0 l&rsquo;IUT de&hellip; <a class=\"read-more\" href=\"https:\/\/www.alterre-circuit.org\/site\/espace-adherents\/\">Read More<\/a><\/p>\n","protected":false},"author":6,"featured_media":0,"parent":0,"menu_order":0,"comment_status":"closed","ping_status":"closed","template":"page-nosidebar.php","meta":{"footnotes":""},"class_list":["post-744","page","type-page","status-publish","hentry"],"_links":{"self":[{"href":"https:\/\/www.alterre-circuit.org\/site\/wp-json\/wp\/v2\/pages\/744","targetHints":{"allow":["GET"]}}],"collection":[{"href":"https:\/\/www.alterre-circuit.org\/site\/wp-json\/wp\/v2\/pages"}],"about":[{"href":"https:\/\/www.alterre-circuit.org\/site\/wp-json\/wp\/v2\/types\/page"}],"author":[{"embeddable":true,"href":"https:\/\/www.alterre-circuit.org\/site\/wp-json\/wp\/v2\/users\/6"}],"replies":[{"embeddable":true,"href":"https:\/\/www.alterre-circuit.org\/site\/wp-json\/wp\/v2\/comments?post=744"}],"version-history":[{"count":16,"href":"https:\/\/www.alterre-circuit.org\/site\/wp-json\/wp\/v2\/pages\/744\/revisions"}],"predecessor-version":[{"id":1193,"href":"https:\/\/www.alterre-circuit.org\/site\/wp-json\/wp\/v2\/pages\/744\/revisions\/1193"}],"wp:attachment":[{"href":"https:\/\/www.alterre-circuit.org\/site\/wp-json\/wp\/v2\/media?parent=744"}],"curies":[{"name":"wp","href":"https:\/\/api.w.org\/{rel}","templated":true}]}}