{"id":90,"date":"2016-03-30T15:55:44","date_gmt":"2016-03-30T14:55:44","guid":{"rendered":"http:\/\/www.alterre-circuit.org\/site\/?page_id=90"},"modified":"2016-09-26T22:06:44","modified_gmt":"2016-09-26T21:06:44","slug":"page2-2","status":"publish","type":"page","link":"https:\/\/www.alterre-circuit.org\/site\/lassociation\/page2-2\/","title":{"rendered":"Nos valeurs"},"content":{"rendered":"<div class=\"colonne_gauche\">\n<div class=\"lieu_distribution\">\n<p class=\"western\" style=\"text-align: justify;\">Au-del\u00e0 de l&rsquo;acte de consommation, \u0153uvrer ensemble pour un autre mod\u00e8le de soci\u00e9t\u00e9 en cr\u00e9ant du lien social et de la solidarit\u00e9 entre les citoyens.<\/p>\n<p>Al&rsquo;terre circuit rend aux habitants du territoire une <a href=\"http:\/\/paulmasson.atimbli.net\/spip.php?article585\" target=\"_blank\"><em><strong>souverainet\u00e9 alimentaire<\/strong><\/em><\/a>, et r\u00e9pond aux besoins de coh\u00e9rence entre des exigences d\u00e9mocratiques, socio-\u00e9conomiques et \u00e9cologiques.<\/p>\n<p><img loading=\"lazy\" decoding=\"async\" class=\"size-medium wp-image-849 aligncenter\" src=\"http:\/\/www.alterre-circuit.org\/site\/wp-content\/uploads\/2016\/09\/DSC00378-300x225.jpg\" alt=\"dsc00378\" width=\"300\" height=\"225\" srcset=\"https:\/\/www.alterre-circuit.org\/site\/wp-content\/uploads\/2016\/09\/DSC00378-300x225.jpg 300w, https:\/\/www.alterre-circuit.org\/site\/wp-content\/uploads\/2016\/09\/DSC00378-768x576.jpg 768w, https:\/\/www.alterre-circuit.org\/site\/wp-content\/uploads\/2016\/09\/DSC00378-1024x768.jpg 1024w\" sizes=\"auto, (max-width: 300px) 100vw, 300px\" \/><\/p>\n<\/div>\n<\/div>\n<div class=\"colonne_droite\">\n<p class=\"western\" style=\"text-align: center;\">3 <strong>valeurs fondamentales<\/strong> nous animent\u00a0:<\/p>\n<div class=\"texte_de_bienvenue\">\n<p class=\"western\" style=\"text-align: justify;\"><span style=\"text-decoration: underline;\"><span style=\"color: ##000000;\"><strong>La citoyennet\u00e9\u00a0:<\/strong><\/span><\/span><\/p>\n<p class=\"western\" style=\"text-align: justify;\"><em>Exp\u00e9riment\u00e9e notamment gr\u00e2ce au dialogue direct entre producteur et consommateur<\/em><\/p>\n<ul>\n<li class=\"western\" style=\"text-align: justify;\">\u00a0<em><strong>Autonomie<\/strong><\/em>\u00a0: la taille relativement petite des exploitations et les choix techniques de l&rsquo;agriculture paysanne font que les producteurs-paysans et consommateurs co-d\u00e9cident de ce qu&rsquo;ils entendent produire, consommer, et dans quelles conditions ils entendent le faire.<\/li>\n<li class=\"western\" style=\"text-align: justify;\"><em><strong>Transparence<\/strong><\/em> : les consommateurs peuvent conna\u00eetre et \u00e9valuer les conditions sociales et \u00e9cologiques de production gr\u00e2ce au contact r\u00e9gulier et aux visites d&rsquo;exploitations. (<a href=\"http:\/\/www.cedapas-npdc.org\/doku.php\" target=\"_blank\">r\u00f4le du CEDAPAS<\/a>)<\/li>\n<li class=\"western\" style=\"text-align: justify;\"><em><strong>Volont\u00e9 de s&rsquo;informer et d&rsquo;informer<\/strong><\/em> : la participation \u00e0 Al&rsquo;terre circuit stimule l&rsquo;envie de conna\u00eetre et de comprendre davantage les modes de productions agricoles dans le monde, sensibilise aux probl\u00e8mes agricoles et \u00e9conomiques, donne la possibilit\u00e9 de choisir et non de subir.<\/li>\n<li class=\"western\" style=\"text-align: justify;\"><em><strong>Dimension collective de la r\u00e9flexion et des d\u00e9cisions<\/strong><\/em> : la confrontation et le dialogue dans la dur\u00e9e pour faire vivre le circuit court, sont source de coh\u00e9sion sociale. Ils permettent des prises de recul par rapport aux pr\u00e9jug\u00e9s, d&rsquo;\u00e9largir ses repr\u00e9sentations du monde en saisissant les enjeux de soci\u00e9t\u00e9, autour de l&rsquo;utilisation de la terre par exemple.<\/li>\n<\/ul>\n<\/div>\n<div class=\"texte_de_bienvenue\">\n<p class=\"western\"><span style=\"text-decoration: underline;\"><strong>La justice sociale\u00a0:<\/strong><\/span><\/p>\n<p class=\"western\"><em>Au travers, notamment, l&rsquo;adh\u00e9sion des producteurs \u00e0 la <a href=\"http:\/\/www.alterre-circuit.org\/site\/lassociation\/charte-de-lagriculture-paysanne\/\">Charte de l&rsquo;Agriculture Paysanne<\/a><\/em><\/p>\n<ul>\n<li>Revaloriser le m\u00e9tier de paysan en\u00a0:<\/li>\n<\/ul>\n<p class=\"western\" style=\"padding-left: 60px; text-align: justify;\">&#8211; r\u00e9mun\u00e9rant le travail \u00e0 son <em><strong>juste co\u00fbt<\/strong><\/em> : ne plus r\u00e9tribuer les actionnaires de la grande distribution<\/p>\n<p class=\"western\" style=\"padding-left: 60px; text-align: justify;\">&#8211; favorisant des <em><strong>emplois locaux <\/strong><\/em>: en permettant aux hommes de vivre sur leur territoire et de le dynamiser<\/p>\n<p class=\"western\" style=\"padding-left: 60px; text-align: justify;\">&#8211; restaurant une production agricole de <em><strong>proximit\u00e9<\/strong><\/em><\/p>\n<p class=\"western\" style=\"padding-left: 60px; text-align: justify;\">&#8211; permettant une plus grande autonomie \u00e9conomique aux producteurs : les producteurs ne sont plus tributaires des interm\u00e9diaires, des march\u00e9s financiers, du cours des mati\u00e8res premi\u00e8res ou des aides publiques pour survivre ou dispara\u00eetre<\/p>\n<ul>\n<li class=\"western\" style=\"text-align: justify;\">Rendre accessible au plus grand nombre une alimentation de <em><strong>qualit\u00e9<\/strong><\/em><\/li>\n<li class=\"western\" style=\"text-align: justify;\">Etre solidaire au niveau plan\u00e9taire : les citoyens se nourrissent sans d\u00e9truire les cultures vivri\u00e8res et les \u00e9quilibres \u00e9cologiques n\u00e9cessaires \u00e0 la vie des habitants des pays du Sud<\/li>\n<\/ul>\n<\/div>\n<div class=\"texte_de_bienvenue\">\n<p class=\"western\"><span style=\"text-decoration: underline;\"><strong>L&rsquo;\u00e9cologie<\/strong><\/span>\u00a0:<\/p>\n<p class=\"western\"><em>Au travers de l&rsquo;aspect \u00ab\u00a0circuit court\u00a0\u00bb et \u00e9galement l&rsquo;engagement des producteurs dans la <a href=\"http:\/\/www.alterre-circuit.org\/site\/lassociation\/charte-de-lagriculture-paysanne\/\">Charte de l&rsquo;Agriculture Paysanne<\/a><\/em><\/p>\n<ul>\n<li class=\"western\"><em><strong>Favoriser une agriculture respectueuse de l&rsquo;environnement<\/strong><\/em><\/li>\n<\/ul>\n<p class=\"western\" style=\"padding-left: 60px; text-align: justify;\">&#8211; consommer des produits sains, au rythme des saisons (pas de pesticides, d&rsquo;engrais chimiques, d&rsquo;antibiotiques et d&rsquo;additifs en tout genre comme les conservateurs&#8230;)<\/p>\n<p class=\"western\" style=\"padding-left: 60px; text-align: justify;\">&#8211; pr\u00e9servation des paysages et des diff\u00e9rentes vari\u00e9t\u00e9s vivantes (lutte contre l&rsquo;\u00e9rosion des sols, haies, biodiversit\u00e9&#8230;)<\/p>\n<ul>\n<li class=\"western\" style=\"text-align: justify;\"><strong><em>Limiter les transports et les d\u00e9chets<\/em><\/strong> par des \u00e9changes de proximit\u00e9 et la suppression des interm\u00e9diaires (\u00e9conomie d&rsquo;\u00e9nergie, limitation de l&rsquo;effet de serre en favorisant des lieux de production le plus proche possible des lieux de consommation)<\/li>\n<\/ul>\n<p class=\"western\" style=\"text-align: justify;\">On vient \u00e0 Al&rsquo;terre circuit parce que sensibilis\u00e9 \u00e0 un aspect du <em><strong>circuit court<\/strong> <\/em>(qualit\u00e9 des produits, souci \u00e9cologique, emploi rural\u2026) et progressivement on d\u00e9couvre toutes les dimensions sociales, \u00e9conomiques, d\u00e9mocratiques et environnementales d&rsquo;un mod\u00e8le alternatif de production et d&rsquo;\u00e9change.<\/p>\n<\/div>\n<\/div>\n","protected":false},"excerpt":{"rendered":"<p>Au-del\u00e0 de l&rsquo;acte de consommation, \u0153uvrer ensemble pour un autre mod\u00e8le de soci\u00e9t\u00e9 en cr\u00e9ant du lien social et de la solidarit\u00e9 entre les citoyens. Al&rsquo;terre circuit rend aux habitants du territoire une souverainet\u00e9 alimentaire, et r\u00e9pond aux besoins de coh\u00e9rence entre des exigences d\u00e9mocratiques, socio-\u00e9conomiques et \u00e9cologiques. 3 valeurs fondamentales nous animent\u00a0: La citoyennet\u00e9\u00a0:&hellip; <a class=\"read-more\" href=\"https:\/\/www.alterre-circuit.org\/site\/lassociation\/page2-2\/\">Read More<\/a><\/p>\n","protected":false},"author":1,"featured_media":0,"parent":15,"menu_order":0,"comment_status":"closed","ping_status":"closed","template":"page-nosidebar.php","meta":{"footnotes":""},"class_list":["post-90","page","type-page","status-publish","hentry"],"_links":{"self":[{"href":"https:\/\/www.alterre-circuit.org\/site\/wp-json\/wp\/v2\/pages\/90","targetHints":{"allow":["GET"]}}],"collection":[{"href":"https:\/\/www.alterre-circuit.org\/site\/wp-json\/wp\/v2\/pages"}],"about":[{"href":"https:\/\/www.alterre-circuit.org\/site\/wp-json\/wp\/v2\/types\/page"}],"author":[{"embeddable":true,"href":"https:\/\/www.alterre-circuit.org\/site\/wp-json\/wp\/v2\/users\/1"}],"replies":[{"embeddable":true,"href":"https:\/\/www.alterre-circuit.org\/site\/wp-json\/wp\/v2\/comments?post=90"}],"version-history":[{"count":70,"href":"https:\/\/www.alterre-circuit.org\/site\/wp-json\/wp\/v2\/pages\/90\/revisions"}],"predecessor-version":[{"id":959,"href":"https:\/\/www.alterre-circuit.org\/site\/wp-json\/wp\/v2\/pages\/90\/revisions\/959"}],"up":[{"embeddable":true,"href":"https:\/\/www.alterre-circuit.org\/site\/wp-json\/wp\/v2\/pages\/15"}],"wp:attachment":[{"href":"https:\/\/www.alterre-circuit.org\/site\/wp-json\/wp\/v2\/media?parent=90"}],"curies":[{"name":"wp","href":"https:\/\/api.w.org\/{rel}","templated":true}]}}